{"id":288,"date":"2021-04-08T15:43:38","date_gmt":"2021-04-08T15:43:38","guid":{"rendered":"https:\/\/datarebus.com\/?page_id=288"},"modified":"2021-04-08T21:23:33","modified_gmt":"2021-04-08T21:23:33","slug":"is-zekasi","status":"publish","type":"page","link":"https:\/\/datarebus.com\/index.php\/is-zekasi\/","title":{"rendered":"\u0130\u015f Zekas\u0131"},"content":{"rendered":"<div data-colibri-id=\"288-c1\" class=\"style-508 style-local-288-c1 position-relative\">\n  <!---->\n  <div data-colibri-component=\"section\" data-colibri-id=\"288-c61\" id=\"custom\" class=\"h-section h-section-global-spacing d-flex align-items-lg-center align-items-md-center align-items-center style-543 style-local-288-c61 position-relative\">\n    <!---->\n    <!---->\n    <div class=\"h-section-grid-container h-section-boxed-container\">\n      <!---->\n      <div data-colibri-id=\"288-c64\" class=\"h-row-container gutters-row-lg-2 gutters-row-md-2 gutters-row-0 gutters-row-v-lg-2 gutters-row-v-md-2 gutters-row-v-2 style-546 style-local-288-c64 position-relative\">\n        <!---->\n        <div class=\"h-row justify-content-lg-center justify-content-md-center justify-content-center align-items-lg-stretch align-items-md-stretch align-items-stretch gutters-col-lg-2 gutters-col-md-2 gutters-col-0 gutters-col-v-lg-2 gutters-col-v-md-2 gutters-col-v-2\">\n          <!---->\n          <div class=\"h-column h-column-container d-flex h-col-lg-auto h-col-md-auto h-col-auto style-547-outer style-local-288-c65-outer\">\n            <div data-colibri-id=\"288-c65\" class=\"d-flex h-flex-basis h-column__inner h-px-lg-2 h-px-md-2 h-px-2 v-inner-lg-2 v-inner-md-2 v-inner-2 style-547 style-local-288-c65 position-relative\">\n              <!---->\n              <!---->\n              <div class=\"w-100 h-y-container h-column__content h-column__v-align flex-basis-100 align-self-lg-start align-self-md-start align-self-start\">\n                <!---->\n                <div data-colibri-id=\"288-c66\" class=\"h-text h-text-component style-548 style-local-288-c66 position-relative h-element\">\n                  <!---->\n                  <!---->\n                  <div class=\"\">\n                    <p>Uygulamalar\u0131n\u0131zdan, \u00e7evresel sistemlerden, sensorler ve sosyal medya gibi farkl\u0131 kaynaklardan elde edilen verinin birle\u015ftirilerek derin analizler yapabilmenizin sa\u011flanmas\u0131 gerekir. Bunun i\u00e7in performans, lisans\/maliyet, g\u00fcvenlik ve\n                      do\u011fruluk gibi farkl\u0131 engelleri a\u015fman\u0131zda da olduk\u00e7a tecr\u00fcbeliyiz.<\/p>\n                    <p>Son y\u0131llar\u0131n &#8220;moda&#8221; teknolojisi olan \u0130\u015f Zekas\u0131 ula\u015f\u0131lmas\u0131 gereken hedeflerden sadece bir tanesi. As\u0131l fayday\u0131 i\u015f zekas\u0131 altyap\u0131n\u0131z \u00fczerine kurgulayaca\u011f\u0131n\u0131z \u015fu \u00e7al\u0131\u015fmalardan sa\u011flayacaks\u0131n\u0131z: <\/p>\n                    <p> \u2022&nbsp; &nbsp; &nbsp; Gelecek Tahminleme, m\u00fc\u015fteri, sat\u0131\u015f, \u00fcretim ve \u00fcr\u00fcn analizleri<\/p>\n                    <p>\u2022&nbsp; &nbsp; &nbsp; Stratejik planlama<\/p>\n                    <p>\u2022&nbsp; &nbsp; &nbsp; &nbsp;B\u00fct\u00e7e, finansal raporlama<\/p>\n                    <p>\u2022&nbsp; &nbsp; &nbsp; &nbsp;Whatif analizleri<\/p>\n                    <p>\u2022&nbsp; &nbsp; &nbsp; &nbsp; Fraud ve Risk Analizleri<\/p>\n                    <p>\n                      <br>\n                    <\/p>\n                  <\/div>\n                <\/div>\n              <\/div>\n            <\/div>\n          <\/div>\n          <div class=\"h-column h-column-container d-flex h-col-lg-auto h-col-md-auto h-col-auto style-561-outer style-local-288-c80-outer\">\n            <div data-colibri-id=\"288-c80\" class=\"d-flex h-flex-basis h-column__inner h-px-lg-2 h-px-md-2 h-px-2 v-inner-lg-2 v-inner-md-2 v-inner-2 style-561 style-local-288-c80 position-relative\">\n              <!---->\n              <!---->\n              <div class=\"w-100 h-y-container h-column__content h-column__v-align flex-basis-100 align-self-lg-start align-self-md-start align-self-start\">\n                <!---->\n                <div data-colibri-id=\"288-c81\" class=\"d-block style-562 style-local-288-c81 position-relative h-element\">\n                  <!---->\n                  <div class=\"h-image__frame-container-outer\">\n                    <div class=\"h-image__frame-container\">\n                      <!---->\n                      <!---->\n                      <img loading=\"lazy\" width=\"252\" height=\"180\" src=\"https:\/\/datarebus.com\/wp-content\/uploads\/2021\/04\/cropped-BI-1.jpg\" class=\"wp-image-373 style-562-image style-local-288-c81-image\" alt=\"\" \/>\n                      <div class=\"h-image__frame h-hide-lg h-hide-md h-hide-sm style-562-frameImage style-local-288-c81-frameImage\"><\/div>\n                    <\/div>\n                  <\/div>\n                <\/div>\n              <\/div>\n            <\/div>\n          <\/div>\n        <\/div>\n      <\/div>\n      <div data-colibri-id=\"288-c62\" class=\"h-row-container gutters-row-lg-2 gutters-row-md-2 gutters-row-0 gutters-row-v-lg-2 gutters-row-v-md-2 gutters-row-v-2 style-544 style-local-288-c62 position-relative\">\n        <!---->\n        <div class=\"h-row justify-content-lg-center justify-content-md-center justify-content-center align-items-lg-stretch align-items-md-stretch align-items-stretch gutters-col-lg-2 gutters-col-md-2 gutters-col-0 gutters-col-v-lg-2 gutters-col-v-md-2 gutters-col-v-2\">\n          <!---->\n          <div class=\"h-column h-column-container d-flex h-col-lg-auto h-col-md-auto h-col-auto style-545-outer style-local-288-c63-outer\">\n            <div data-colibri-id=\"288-c63\" class=\"d-flex h-flex-basis h-column__inner h-px-lg-2 h-px-md-2 h-px-2 v-inner-lg-2 v-inner-md-2 v-inner-2 style-545 style-local-288-c63 position-relative\">\n              <!---->\n              <!---->\n              <div class=\"w-100 h-y-container h-column__content h-column__v-align flex-basis-100 align-self-lg-start align-self-md-start align-self-start\">\n                <!---->\n                <div data-colibri-id=\"288-c67\" class=\"d-block style-549 style-local-288-c67 position-relative h-element\">\n                  <!---->\n                  <div class=\"h-image__frame-container-outer\">\n                    <div class=\"h-image__frame-container\">\n                      <!---->\n                      <!---->\n                      <img loading=\"lazy\" width=\"512\" height=\"384\" src=\"https:\/\/datarebus.com\/wp-content\/uploads\/2021\/04\/databases.jpg\" class=\"wp-image-370 style-549-image style-local-288-c67-image\" srcset=\"https:\/\/datarebus.com\/wp-content\/uploads\/2021\/04\/databases.jpg 512w, https:\/\/datarebus.com\/wp-content\/uploads\/2021\/04\/databases-300x225.jpg 300w\" sizes=\"(max-width: 512px) 100vw, 512px\" alt=\"\" \/>\n                      <div class=\"h-image__frame h-hide-lg h-hide-md h-hide-sm style-549-frameImage style-local-288-c67-frameImage\"><\/div>\n                    <\/div>\n                  <\/div>\n                <\/div>\n              <\/div>\n            <\/div>\n          <\/div>\n          <div class=\"h-column h-column-container d-flex h-col-lg-auto h-col-md-auto h-col-auto style-550-outer style-local-288-c68-outer\">\n            <div data-colibri-id=\"288-c68\" class=\"d-flex h-flex-basis h-column__inner h-px-lg-2 h-px-md-2 h-px-2 v-inner-lg-2 v-inner-md-2 v-inner-2 style-550 style-local-288-c68 position-relative\">\n              <!---->\n              <!---->\n              <div class=\"w-100 h-y-container h-column__content h-column__v-align flex-basis-100 align-self-lg-start align-self-md-start align-self-start\">\n                <!---->\n                <div data-colibri-id=\"288-c79\" class=\"h-icon style-556 style-local-288-c79 position-relative h-element\">\n                  <!----><span class=\"h-svg-icon h-icon__icon style-556-icon style-local-288-c79-icon\"><!--Icon by Font Awesome (https:\/\/fontawesome.com)--><svg version=\"1.1\" xmlns=\"http:\/\/www.w3.org\/2000\/svg\" xmlns:xlink=\"http:\/\/www.w3.org\/1999\/xlink\" id=\"arrow-right\" viewBox=\"0 0 1536 1896.0833\"><path d=\"M1472 960q0 54-37 91l-651 651q-39 37-91 37-51 0-90-37l-75-75q-38-38-38-91t38-91l293-293H117q-52 0-84.5-37.5T0 1024V896q0-53 32.5-90.5T117 768h704L528 474q-38-36-38-90t38-90l75-75q38-38 90-38 53 0 91 38l651 651q37 35 37 90z\"><\/path><\/svg><\/span><\/div>\n              <\/div>\n            <\/div>\n          <\/div>\n          <div class=\"h-column h-column-container d-flex h-col-lg-auto h-col-md-auto h-col-auto style-554-outer style-local-288-c73-outer\">\n            <div data-colibri-id=\"288-c73\" class=\"d-flex h-flex-basis h-column__inner h-px-lg-2 h-px-md-2 h-px-2 v-inner-lg-2 v-inner-md-2 v-inner-2 style-554 style-local-288-c73 position-relative\">\n              <!---->\n              <!---->\n              <div class=\"w-100 h-y-container h-column__content h-column__v-align flex-basis-100 align-self-lg-start align-self-md-start align-self-start\">\n                <!---->\n                <div data-colibri-id=\"288-c72\" class=\"d-block style-551 style-local-288-c72 position-relative h-element\">\n                  <!---->\n                  <div class=\"h-image__frame-container-outer\">\n                    <div class=\"h-image__frame-container\">\n                      <!---->\n                      <!---->\n                      <img loading=\"lazy\" width=\"275\" height=\"183\" src=\"https:\/\/datarebus.com\/wp-content\/uploads\/2021\/04\/download.jpg\" class=\"wp-image-371 style-551-image style-local-288-c72-image\" alt=\"\" \/>\n                      <div class=\"h-image__frame h-hide-lg h-hide-md h-hide-sm style-551-frameImage style-local-288-c72-frameImage\"><\/div>\n                    <\/div>\n                  <\/div>\n                <\/div>\n              <\/div>\n            <\/div>\n          <\/div>\n        <\/div>\n      <\/div>\n    <\/div>\n  <\/div>\n<\/div>","protected":false},"excerpt":{"rendered":"<p>Uygulamalar\u0131n\u0131zdan, \u00e7evresel sistemlerden, sensorler ve sosyal medya gibi farkl\u0131 kaynaklardan elde edilen verinin birle\u015ftirilerek derin analizler yapabilmenizin sa\u011flanmas\u0131 gerekir. Bunun i\u00e7in performans, lisans\/maliyet, g\u00fcvenlik ve do\u011fruluk gibi farkl\u0131 engelleri a\u015fman\u0131zda da olduk\u00e7a tecr\u00fcbeliyiz. Son y\u0131llar\u0131n &#8220;moda&#8221; teknolojisi olan \u0130\u015f Zekas\u0131 ula\u015f\u0131lmas\u0131 gereken hedeflerden sadece bir tanesi. As\u0131l fayday\u0131 i\u015f zekas\u0131 altyap\u0131n\u0131z \u00fczerine kurgulayaca\u011f\u0131n\u0131z \u015fu \u00e7al\u0131\u015fmalardan [&hellip;]<\/p>\n","protected":false},"author":1,"featured_media":289,"parent":0,"menu_order":0,"comment_status":"closed","ping_status":"closed","template":"page-templates\/full-width-page.php","meta":[],"_links":{"self":[{"href":"https:\/\/datarebus.com\/index.php\/wp-json\/wp\/v2\/pages\/288"}],"collection":[{"href":"https:\/\/datarebus.com\/index.php\/wp-json\/wp\/v2\/pages"}],"about":[{"href":"https:\/\/datarebus.com\/index.php\/wp-json\/wp\/v2\/types\/page"}],"author":[{"embeddable":true,"href":"https:\/\/datarebus.com\/index.php\/wp-json\/wp\/v2\/users\/1"}],"replies":[{"embeddable":true,"href":"https:\/\/datarebus.com\/index.php\/wp-json\/wp\/v2\/comments?post=288"}],"version-history":[{"count":2,"href":"https:\/\/datarebus.com\/index.php\/wp-json\/wp\/v2\/pages\/288\/revisions"}],"predecessor-version":[{"id":376,"href":"https:\/\/datarebus.com\/index.php\/wp-json\/wp\/v2\/pages\/288\/revisions\/376"}],"wp:featuredmedia":[{"embeddable":true,"href":"https:\/\/datarebus.com\/index.php\/wp-json\/wp\/v2\/media\/289"}],"wp:attachment":[{"href":"https:\/\/datarebus.com\/index.php\/wp-json\/wp\/v2\/media?parent=288"}],"curies":[{"name":"wp","href":"https:\/\/api.w.org\/{rel}","templated":true}]}}